{"id":2271,"date":"2025-10-16T14:46:46","date_gmt":"2025-10-16T14:46:46","guid":{"rendered":"https:\/\/ultra-spare.com\/sr-rs\/?post_type=product&#038;p=2271"},"modified":"2025-12-31T17:57:10","modified_gmt":"2025-12-31T17:57:10","slug":"472101048071","status":"publish","type":"product","link":"https:\/\/ultra-spare.com\/sr-rs\/product\/472101048071\/","title":{"rendered":"472101048071"},"content":{"rendered":"<p>Glavni kocioni cilindar<\/p>\n<p>3-4 serija<\/p>\n","protected":false},"excerpt":{"rendered":"<p>Glavni kocioni cilindar 3-4 serija<\/p>\n","protected":false},"featured_media":2272,"template":"","meta":[],"product_brand":[],"product_cat":[1160],"product_tag":[2354,2355,2356],"class_list":{"0":"post-2271","1":"product","2":"type-product","3":"status-publish","4":"has-post-thumbnail","6":"product_cat-toyota","7":"product_tag-34a-36-11400","8":"product_tag-47210-10480-71","9":"product_tag-47250-12190-71","11":"first","12":"instock","13":"taxable","14":"shipping-taxable","15":"purchasable","16":"product-type-simple"},"yoast_head":"<!-- This site is optimized with the Yoast SEO plugin v27.5 - https:\/\/yoast.com\/product\/yoast-seo-wordpress\/ -->\n<title>472101048071 - Delovi za vilju\u0161kare. Elektri\u010dni vilju\u0161kari i paletari<\/title>\n<meta name=\"description\" content=\"Delovi za vilju\u0161kare, Osnovni delovi vilju\u0161kara, Linde rezervni delovi, Linde viljuskari delovi, Still viljuskari delovi, toyota viljuskari delovi, delovi za elektricne viljuskare, elektricni paletar, elektricni paletari, elektricni paletar cena, elektri\u010dni vilju\u0161kari, Elektri\u010dni paletari, Elektri\u010dni paletar, Elektri\u010dni paletar cena, elektricni paletar hangcha, elektricni stakeri, Elektri\u010dni stakeri\" \/>\n<meta name=\"robots\" content=\"index, follow, max-snippet:-1, max-image-preview:large, max-video-preview:-1\" \/>\n<link rel=\"canonical\" href=\"https:\/\/ultra-spare.com\/sr-rs\/product\/472101048071\/\" \/>\n<script type=\"application\/ld+json\" class=\"yoast-schema-graph\">{\"@context\":\"https:\\\/\\\/schema.org\",\"@graph\":[{\"@type\":\"WebPage\",\"@id\":\"https:\\\/\\\/ultra-spare.com\\\/sr-rs\\\/product\\\/472101048071\\\/\",\"url\":\"https:\\\/\\\/ultra-spare.com\\\/sr-rs\\\/product\\\/472101048071\\\/\",\"name\":\"472101048071 - Delovi za vilju\u0161kare. Elektri\u010dni vilju\u0161kari i paletari\",\"isPartOf\":{\"@id\":\"https:\\\/\\\/ultra-spare.com\\\/sr-rs\\\/#website\"},\"primaryImageOfPage\":{\"@id\":\"https:\\\/\\\/ultra-spare.com\\\/sr-rs\\\/product\\\/472101048071\\\/#primaryimage\"},\"image\":{\"@id\":\"https:\\\/\\\/ultra-spare.com\\\/sr-rs\\\/product\\\/472101048071\\\/#primaryimage\"},\"thumbnailUrl\":\"https:\\\/\\\/ultra-spare.com\\\/sr-rs\\\/wp-content\\\/uploads\\\/2025\\\/10\\\/235-3.jpg\",\"datePublished\":\"2025-10-16T14:46:46+00:00\",\"dateModified\":\"2025-12-31T17:57:10+00:00\",\"description\":\"Delovi za vilju\u0161kare, Osnovni delovi vilju\u0161kara, Linde rezervni delovi, Linde viljuskari delovi, Still viljuskari delovi, toyota viljuskari delovi, delovi za elektricne viljuskare, elektricni paletar, elektricni paletari, elektricni paletar cena, elektri\u010dni vilju\u0161kari, Elektri\u010dni paletari, Elektri\u010dni paletar, Elektri\u010dni paletar cena, elektricni paletar hangcha, elektricni stakeri, Elektri\u010dni stakeri\",\"breadcrumb\":{\"@id\":\"https:\\\/\\\/ultra-spare.com\\\/sr-rs\\\/product\\\/472101048071\\\/#breadcrumb\"},\"inLanguage\":\"en-US\",\"potentialAction\":[{\"@type\":\"ReadAction\",\"target\":[\"https:\\\/\\\/ultra-spare.com\\\/sr-rs\\\/product\\\/472101048071\\\/\"]}]},{\"@type\":\"ImageObject\",\"inLanguage\":\"en-US\",\"@id\":\"https:\\\/\\\/ultra-spare.com\\\/sr-rs\\\/product\\\/472101048071\\\/#primaryimage\",\"url\":\"https:\\\/\\\/ultra-spare.com\\\/sr-rs\\\/wp-content\\\/uploads\\\/2025\\\/10\\\/235-3.jpg\",\"contentUrl\":\"https:\\\/\\\/ultra-spare.com\\\/sr-rs\\\/wp-content\\\/uploads\\\/2025\\\/10\\\/235-3.jpg\",\"width\":1280,\"height\":1280},{\"@type\":\"BreadcrumbList\",\"@id\":\"https:\\\/\\\/ultra-spare.com\\\/sr-rs\\\/product\\\/472101048071\\\/#breadcrumb\",\"itemListElement\":[{\"@type\":\"ListItem\",\"position\":1,\"name\":\"Home\",\"item\":\"https:\\\/\\\/ultra-spare.com\\\/sr-rs\\\/\"},{\"@type\":\"ListItem\",\"position\":2,\"name\":\"Products\",\"item\":\"https:\\\/\\\/ultra-spare.com\\\/sr-rs\\\/shop\\\/\"},{\"@type\":\"ListItem\",\"position\":3,\"name\":\"34A-36-11400\",\"item\":\"https:\\\/\\\/ultra-spare.com\\\/sr-rs\\\/product-tag\\\/34a-36-11400\\\/\"},{\"@type\":\"ListItem\",\"position\":4,\"name\":\"472101048071\"}]},{\"@type\":\"WebSite\",\"@id\":\"https:\\\/\\\/ultra-spare.com\\\/sr-rs\\\/#website\",\"url\":\"https:\\\/\\\/ultra-spare.com\\\/sr-rs\\\/\",\"name\":\"Delovi za vilju\u0161kare. Hangcha vilju\u0161kari\",\"description\":\"Elektri\u010dni paletari. Delovi za vilju\u0161kare.\",\"publisher\":{\"@id\":\"https:\\\/\\\/ultra-spare.com\\\/sr-rs\\\/#organization\"},\"potentialAction\":[{\"@type\":\"SearchAction\",\"target\":{\"@type\":\"EntryPoint\",\"urlTemplate\":\"https:\\\/\\\/ultra-spare.com\\\/sr-rs\\\/?s={search_term_string}\"},\"query-input\":{\"@type\":\"PropertyValueSpecification\",\"valueRequired\":true,\"valueName\":\"search_term_string\"}}],\"inLanguage\":\"en-US\"},{\"@type\":\"Organization\",\"@id\":\"https:\\\/\\\/ultra-spare.com\\\/sr-rs\\\/#organization\",\"name\":\"Delovi za vilju\u0161kare. Hangcha vilju\u0161kari\",\"url\":\"https:\\\/\\\/ultra-spare.com\\\/sr-rs\\\/\",\"logo\":{\"@type\":\"ImageObject\",\"inLanguage\":\"en-US\",\"@id\":\"https:\\\/\\\/ultra-spare.com\\\/sr-rs\\\/#\\\/schema\\\/logo\\\/image\\\/\",\"url\":\"https:\\\/\\\/ultra-spare.com\\\/sr-rs\\\/wp-content\\\/uploads\\\/2025\\\/06\\\/11-1.png\",\"contentUrl\":\"https:\\\/\\\/ultra-spare.com\\\/sr-rs\\\/wp-content\\\/uploads\\\/2025\\\/06\\\/11-1.png\",\"width\":298,\"height\":298,\"caption\":\"Delovi za vilju\u0161kare. Hangcha vilju\u0161kari\"},\"image\":{\"@id\":\"https:\\\/\\\/ultra-spare.com\\\/sr-rs\\\/#\\\/schema\\\/logo\\\/image\\\/\"}}]}<\/script>\n<!-- \/ Yoast SEO plugin. -->","yoast_head_json":{"title":"472101048071 - Delovi za vilju\u0161kare. Elektri\u010dni vilju\u0161kari i paletari","description":"Delovi za vilju\u0161kare, Osnovni delovi vilju\u0161kara, Linde rezervni delovi, Linde viljuskari delovi, Still viljuskari delovi, toyota viljuskari delovi, delovi za elektricne viljuskare, elektricni paletar, elektricni paletari, elektricni paletar cena, elektri\u010dni vilju\u0161kari, Elektri\u010dni paletari, Elektri\u010dni paletar, Elektri\u010dni paletar cena, elektricni paletar hangcha, elektricni stakeri, Elektri\u010dni stakeri","robots":{"index":"index","follow":"follow","max-snippet":"max-snippet:-1","max-image-preview":"max-image-preview:large","max-video-preview":"max-video-preview:-1"},"canonical":"https:\/\/ultra-spare.com\/sr-rs\/product\/472101048071\/","schema":{"@context":"https:\/\/schema.org","@graph":[{"@type":"WebPage","@id":"https:\/\/ultra-spare.com\/sr-rs\/product\/472101048071\/","url":"https:\/\/ultra-spare.com\/sr-rs\/product\/472101048071\/","name":"472101048071 - Delovi za vilju\u0161kare. Elektri\u010dni vilju\u0161kari i paletari","isPartOf":{"@id":"https:\/\/ultra-spare.com\/sr-rs\/#website"},"primaryImageOfPage":{"@id":"https:\/\/ultra-spare.com\/sr-rs\/product\/472101048071\/#primaryimage"},"image":{"@id":"https:\/\/ultra-spare.com\/sr-rs\/product\/472101048071\/#primaryimage"},"thumbnailUrl":"https:\/\/ultra-spare.com\/sr-rs\/wp-content\/uploads\/2025\/10\/235-3.jpg","datePublished":"2025-10-16T14:46:46+00:00","dateModified":"2025-12-31T17:57:10+00:00","description":"Delovi za vilju\u0161kare, Osnovni delovi vilju\u0161kara, Linde rezervni delovi, Linde viljuskari delovi, Still viljuskari delovi, toyota viljuskari delovi, delovi za elektricne viljuskare, elektricni paletar, elektricni paletari, elektricni paletar cena, elektri\u010dni vilju\u0161kari, Elektri\u010dni paletari, Elektri\u010dni paletar, Elektri\u010dni paletar cena, elektricni paletar hangcha, elektricni stakeri, Elektri\u010dni stakeri","breadcrumb":{"@id":"https:\/\/ultra-spare.com\/sr-rs\/product\/472101048071\/#breadcrumb"},"inLanguage":"en-US","potentialAction":[{"@type":"ReadAction","target":["https:\/\/ultra-spare.com\/sr-rs\/product\/472101048071\/"]}]},{"@type":"ImageObject","inLanguage":"en-US","@id":"https:\/\/ultra-spare.com\/sr-rs\/product\/472101048071\/#primaryimage","url":"https:\/\/ultra-spare.com\/sr-rs\/wp-content\/uploads\/2025\/10\/235-3.jpg","contentUrl":"https:\/\/ultra-spare.com\/sr-rs\/wp-content\/uploads\/2025\/10\/235-3.jpg","width":1280,"height":1280},{"@type":"BreadcrumbList","@id":"https:\/\/ultra-spare.com\/sr-rs\/product\/472101048071\/#breadcrumb","itemListElement":[{"@type":"ListItem","position":1,"name":"Home","item":"https:\/\/ultra-spare.com\/sr-rs\/"},{"@type":"ListItem","position":2,"name":"Products","item":"https:\/\/ultra-spare.com\/sr-rs\/shop\/"},{"@type":"ListItem","position":3,"name":"34A-36-11400","item":"https:\/\/ultra-spare.com\/sr-rs\/product-tag\/34a-36-11400\/"},{"@type":"ListItem","position":4,"name":"472101048071"}]},{"@type":"WebSite","@id":"https:\/\/ultra-spare.com\/sr-rs\/#website","url":"https:\/\/ultra-spare.com\/sr-rs\/","name":"Delovi za vilju\u0161kare. Hangcha vilju\u0161kari","description":"Elektri\u010dni paletari. Delovi za vilju\u0161kare.","publisher":{"@id":"https:\/\/ultra-spare.com\/sr-rs\/#organization"},"potentialAction":[{"@type":"SearchAction","target":{"@type":"EntryPoint","urlTemplate":"https:\/\/ultra-spare.com\/sr-rs\/?s={search_term_string}"},"query-input":{"@type":"PropertyValueSpecification","valueRequired":true,"valueName":"search_term_string"}}],"inLanguage":"en-US"},{"@type":"Organization","@id":"https:\/\/ultra-spare.com\/sr-rs\/#organization","name":"Delovi za vilju\u0161kare. Hangcha vilju\u0161kari","url":"https:\/\/ultra-spare.com\/sr-rs\/","logo":{"@type":"ImageObject","inLanguage":"en-US","@id":"https:\/\/ultra-spare.com\/sr-rs\/#\/schema\/logo\/image\/","url":"https:\/\/ultra-spare.com\/sr-rs\/wp-content\/uploads\/2025\/06\/11-1.png","contentUrl":"https:\/\/ultra-spare.com\/sr-rs\/wp-content\/uploads\/2025\/06\/11-1.png","width":298,"height":298,"caption":"Delovi za vilju\u0161kare. Hangcha vilju\u0161kari"},"image":{"@id":"https:\/\/ultra-spare.com\/sr-rs\/#\/schema\/logo\/image\/"}}]}},"_links":{"self":[{"href":"https:\/\/ultra-spare.com\/sr-rs\/wp-json\/wp\/v2\/product\/2271","targetHints":{"allow":["GET"]}}],"collection":[{"href":"https:\/\/ultra-spare.com\/sr-rs\/wp-json\/wp\/v2\/product"}],"about":[{"href":"https:\/\/ultra-spare.com\/sr-rs\/wp-json\/wp\/v2\/types\/product"}],"wp:featuredmedia":[{"embeddable":true,"href":"https:\/\/ultra-spare.com\/sr-rs\/wp-json\/wp\/v2\/media\/2272"}],"wp:attachment":[{"href":"https:\/\/ultra-spare.com\/sr-rs\/wp-json\/wp\/v2\/media?parent=2271"}],"wp:term":[{"taxonomy":"product_brand","embeddable":true,"href":"https:\/\/ultra-spare.com\/sr-rs\/wp-json\/wp\/v2\/product_brand?post=2271"},{"taxonomy":"product_cat","embeddable":true,"href":"https:\/\/ultra-spare.com\/sr-rs\/wp-json\/wp\/v2\/product_cat?post=2271"},{"taxonomy":"product_tag","embeddable":true,"href":"https:\/\/ultra-spare.com\/sr-rs\/wp-json\/wp\/v2\/product_tag?post=2271"}],"curies":[{"name":"wp","href":"https:\/\/api.w.org\/{rel}","templated":true}]}}